{"id":7403,"date":"2021-04-20T21:48:41","date_gmt":"2021-04-20T21:48:41","guid":{"rendered":"http:\/\/agenciagersw.com\/?page_id=7403"},"modified":"2024-11-14T22:42:00","modified_gmt":"2024-11-14T22:42:00","slug":"landing-page","status":"publish","type":"page","link":"https:\/\/agenciagersw.com\/en\/landing-page\/","title":{"rendered":"Landing Page"},"content":{"rendered":"<div data-elementor-type=\"wp-page\" data-elementor-id=\"7403\" class=\"elementor elementor-7403\" data-elementor-post-type=\"page\">\n\t\t\t\t\t\t<section class=\"elementor-section elementor-top-section elementor-element elementor-element-109d39aa elementor-section-height-min-height elementor-section-items-bottom elementor-section-boxed elementor-section-height-default\" data-id=\"109d39aa\" data-element_type=\"section\" data-e-type=\"section\" data-settings=\"{&quot;background_background&quot;:&quot;classic&quot;}\">\n\t\t\t\t\t\t\t<div class=\"elementor-background-overlay\"><\/div>\n\t\t\t\t\t\t\t<div class=\"elementor-container elementor-column-gap-default\">\n\t\t\t\t\t<div class=\"elementor-column elementor-col-100 elementor-top-column elementor-element elementor-element-3a4bccf animated-slow elementor-invisible\" data-id=\"3a4bccf\" data-element_type=\"column\" data-e-type=\"column\" data-settings=\"{&quot;background_background&quot;:&quot;classic&quot;,&quot;animation&quot;:&quot;fadeIn&quot;}\">\n\t\t\t<div class=\"elementor-widget-wrap elementor-element-populated\">\n\t\t\t\t\t\t<div class=\"elementor-element elementor-element-55ab6d3e elementor-widget elementor-widget-heading\" data-id=\"55ab6d3e\" data-element_type=\"widget\" data-e-type=\"widget\" data-widget_type=\"heading.default\">\n\t\t\t\t<div class=\"elementor-widget-container\">\n\t\t\t\t\t<h3 class=\"elementor-heading-title elementor-size-default\">El recuerdo impreso m\u00e1s tierno y creativo para tu bebe<\/h3>\t\t\t\t<\/div>\n\t\t\t\t<\/div>\n\t\t\t\t<div class=\"elementor-element elementor-element-6768d50e elementor-widget elementor-widget-heading\" data-id=\"6768d50e\" data-element_type=\"widget\" data-e-type=\"widget\" data-widget_type=\"heading.default\">\n\t\t\t\t<div class=\"elementor-widget-container\">\n\t\t\t\t\t<h1 class=\"elementor-heading-title elementor-size-default\">Un fotoestudio que incluye photobook<\/h1>\t\t\t\t<\/div>\n\t\t\t\t<\/div>\n\t\t\t\t<div class=\"elementor-element elementor-element-cfe7ca7 elementor-widget elementor-widget-heading\" data-id=\"cfe7ca7\" data-element_type=\"widget\" data-e-type=\"widget\" data-widget_type=\"heading.default\">\n\t\t\t\t<div class=\"elementor-widget-container\">\n\t\t\t\t\t<h6 class=\"elementor-heading-title elementor-size-medium\">( Pregunta c\u00f3mo acceder a la promoci\u00f3n con una fotograf\u00eda de Cortes\u00eda )\n\n\n<\/h6>\t\t\t\t<\/div>\n\t\t\t\t<\/div>\n\t\t\t\t<div class=\"elementor-element elementor-element-8439c51 elementor-align-center elementor-mobile-align-center elementor-widget elementor-widget-button\" data-id=\"8439c51\" data-element_type=\"widget\" data-e-type=\"widget\" data-widget_type=\"button.default\">\n\t\t\t\t<div class=\"elementor-widget-container\">\n\t\t\t\t\t\t\t\t\t<div class=\"elementor-button-wrapper\">\n\t\t\t\t\t<a class=\"elementor-button elementor-button-link elementor-size-md\" href=\"#BA1\">\n\t\t\t\t\t\t<span class=\"elementor-button-content-wrapper\">\n\t\t\t\t\t\t\t\t\t<span class=\"elementor-button-text\">Quiero m\u00e1s informaci\u00f3n para el Fotoestudio para mi bebe y la foto de cortes\u00eda<\/span>\n\t\t\t\t\t<\/span>\n\t\t\t\t\t<\/a>\n\t\t\t\t<\/div>\n\t\t\t\t\t\t\t\t<\/div>\n\t\t\t\t<\/div>\n\t\t\t\t\t<\/div>\n\t\t<\/div>\n\t\t\t\t\t<\/div>\n\t\t<\/section>\n\t\t\t\t<section class=\"elementor-section elementor-top-section elementor-element elementor-element-35d35ca2 elementor-section-height-full elementor-section-boxed elementor-section-height-default elementor-section-items-middle\" data-id=\"35d35ca2\" data-element_type=\"section\" data-e-type=\"section\" data-settings=\"{&quot;background_background&quot;:&quot;classic&quot;}\">\n\t\t\t\t\t\t\t<div class=\"elementor-background-overlay\"><\/div>\n\t\t\t\t\t\t\t<div class=\"elementor-container elementor-column-gap-wider\">\n\t\t\t\t\t<div class=\"elementor-column elementor-col-100 elementor-top-column elementor-element elementor-element-53e96c7f animated-slow elementor-invisible\" data-id=\"53e96c7f\" data-element_type=\"column\" data-e-type=\"column\" data-settings=\"{&quot;animation&quot;:&quot;fadeIn&quot;}\">\n\t\t\t<div class=\"elementor-widget-wrap elementor-element-populated\">\n\t\t\t\t\t\t<div class=\"elementor-element elementor-element-7e2038b8 animated-slow elementor-invisible elementor-widget elementor-widget-heading\" data-id=\"7e2038b8\" data-element_type=\"widget\" data-e-type=\"widget\" data-settings=\"{&quot;_animation&quot;:&quot;fadeIn&quot;,&quot;_animation_delay&quot;:100}\" data-widget_type=\"heading.default\">\n\t\t\t\t<div class=\"elementor-widget-container\">\n\t\t\t\t\t<h2 class=\"elementor-heading-title elementor-size-default\">Quiero obtener m\u00e1s informaci\u00f3n para el Fotoestudio para mi Bebe y la foto de cortes\u00eda<\/h2>\t\t\t\t<\/div>\n\t\t\t\t<\/div>\n\t\t\t\t\t<\/div>\n\t\t<\/div>\n\t\t\t\t\t<\/div>\n\t\t<\/section>\n\t\t\t\t<\/div>","protected":false},"excerpt":{"rendered":"<p>El recuerdo impreso m\u00e1s tierno y creativo para tu bebe Un fotoestudio que incluye photobook ( Pregunta c\u00f3mo acceder a la promoci\u00f3n con una fotograf\u00eda de Cortes\u00eda ) Quiero m\u00e1s informaci\u00f3n para el Fotoestudio para mi bebe y la foto de cortes\u00eda Quiero obtener m\u00e1s informaci\u00f3n para el Fotoestudio para mi Bebe y la foto [&hellip;]<\/p>\n","protected":false},"author":1,"featured_media":10409,"parent":0,"menu_order":0,"comment_status":"closed","ping_status":"closed","template":"","meta":{"footnotes":""},"class_list":["post-7403","page","type-page","status-publish","has-post-thumbnail","hentry"],"_links":{"self":[{"href":"https:\/\/agenciagersw.com\/en\/wp-json\/wp\/v2\/pages\/7403","targetHints":{"allow":["GET"]}}],"collection":[{"href":"https:\/\/agenciagersw.com\/en\/wp-json\/wp\/v2\/pages"}],"about":[{"href":"https:\/\/agenciagersw.com\/en\/wp-json\/wp\/v2\/types\/page"}],"author":[{"embeddable":true,"href":"https:\/\/agenciagersw.com\/en\/wp-json\/wp\/v2\/users\/1"}],"replies":[{"embeddable":true,"href":"https:\/\/agenciagersw.com\/en\/wp-json\/wp\/v2\/comments?post=7403"}],"version-history":[{"count":236,"href":"https:\/\/agenciagersw.com\/en\/wp-json\/wp\/v2\/pages\/7403\/revisions"}],"predecessor-version":[{"id":12015,"href":"https:\/\/agenciagersw.com\/en\/wp-json\/wp\/v2\/pages\/7403\/revisions\/12015"}],"wp:featuredmedia":[{"embeddable":true,"href":"https:\/\/agenciagersw.com\/en\/wp-json\/wp\/v2\/media\/10409"}],"wp:attachment":[{"href":"https:\/\/agenciagersw.com\/en\/wp-json\/wp\/v2\/media?parent=7403"}],"curies":[{"name":"wp","href":"https:\/\/api.w.org\/{rel}","templated":true}]}}